{"id":4421,"date":"2022-05-25T12:56:36","date_gmt":"2022-05-25T10:56:36","guid":{"rendered":"https:\/\/motork.futuredealer.be\/vendre\/"},"modified":"2022-05-27T12:19:09","modified_gmt":"2022-05-27T10:19:09","slug":"vendre","status":"publish","type":"page","link":"https:\/\/motork.futuredealer.be\/fr\/vendre\/","title":{"rendered":"Vendre"},"content":{"rendered":"\n\t<section class=\"section\" id=\"section_830038009\">\n\t\t<div class=\"bg section-bg fill bg-fill  bg-loaded\" >\n\n\t\t\t\n\t\t\t\n\t\t\t\n\n\t\t<\/div>\n\n\t\t\n\n\t\t<div class=\"section-content relative\">\n\t\t\t\n\n<div class=\"row\"  id=\"row-2108798226\">\n\n\n\t<div id=\"col-1233255798\" class=\"col small-12 large-12\"  >\n\t\t\t\t<div class=\"col-inner\"  >\n\t\t\t\n\t\t\t\n\n\t<div id=\"text-2699773363\" class=\"text\">\n\t\t\n\n<h2 class=\"content-title\">Vous aimeriez savoir ce que vaut votre voiture actuelle?<br \/>\n<\/h2>\n\t\t\n<style>\n#text-2699773363 {\n  text-align: center;\n}\n<\/style>\n\t<\/div>\n\t\n\t<div id=\"text-409828455\" class=\"text\">\n\t\t\n\n<p>Nous vous garantissons une reprise claire, transparente et s\u00e9curis\u00e9e. Souhaitez-vous changer de v\u00e9hicule avec un nouveau?\n<\/p>\n\t\t\n<style>\n#text-409828455 {\n  text-align: center;\n}\n<\/style>\n\t<\/div>\n\t\n\n\t\t<\/div>\n\t\t\t\t\t<\/div>\n\n\t\n\n<\/div>\n<div class=\"row\"  id=\"row-1155773105\">\n\n\n\t<div id=\"col-257651247\" class=\"col medium-6 small-12 large-6\"  >\n\t\t\t\t<div class=\"col-inner text-center\"  >\n\t\t\t\n\t\t\t\n\n\t<div class=\"box has-hover   has-hover box-overlay dark box-text-bottom\" >\n\n\t\t<div class=\"box-image\" >\n\t\t\t\t\t\t<div class=\"image-cover\" style=\"padding-top:80%;\">\n\t\t\t\t<img width=\"600\" height=\"400\" src=\"https:\/\/motork.futuredealer.be\/wp-content\/uploads\/2021\/07\/car-key-in-hand-6097-jpg.jpg\" class=\"attachment- size-\" alt=\"\" decoding=\"async\" loading=\"lazy\" srcset=\"https:\/\/motork.futuredealer.be\/wp-content\/uploads\/2021\/07\/car-key-in-hand-6097-jpg.jpg 600w, https:\/\/motork.futuredealer.be\/wp-content\/uploads\/2021\/07\/car-key-in-hand-6097-jpg-300x200.jpg 300w\" sizes=\"(max-width: 600px) 100vw, 600px\" \/>\t\t\t\t<div class=\"overlay\" style=\"background-color:1\"><\/div>\t\t\t\t\t\t\t<\/div>\n\t\t\t\t\t<\/div>\n\n\t\t<div class=\"box-text text-center\" style=\"background-color:rgba(0, 0, 0, 0.227);\">\n\t\t\t<div class=\"box-text-inner\">\n\t\t\t\t\n\n\t<div id=\"text-1492767142\" class=\"text\">\n\t\t\n\n<h4>Souhaitez-vous changer de v\u00e9hicule avec un nouveau?<br \/>\n<\/h4>\n\t\t\n<style>\n#text-1492767142 {\n  font-size: 1.35rem;\n  color: rgb(255,255,255);\n}\n#text-1492767142 > * {\n  color: rgb(255,255,255);\n}\n<\/style>\n\t<\/div>\n\t\n\t<div id=\"text-2870818104\" class=\"text\">\n\t\t\n\n<div class=\"cta-block-description\">\n<p>Obtenez le juste prix pour votre v\u00e9hicule.<\/p>\n<\/div>\n\t\t\n<style>\n#text-2870818104 {\n  color: rgb(255, 255, 255);\n}\n#text-2870818104 > * {\n  color: rgb(255, 255, 255);\n}\n<\/style>\n\t<\/div>\n\t\n<a href=\"\/fr\/scoring\/\" target=\"_self\" class=\"button success\"  style=\"border-radius:99px;\">\n    <span>D\u00c9COUVREZ VOTRE PRIX DE REPRISE<\/span>\n  <\/a>\n\n\n\n\t\t\t<\/div>\n\t\t<\/div>\n\t<\/div>\n\t\n\n\t\t<\/div>\n\t\t\t\t\t<\/div>\n\n\t\n\n\t<div id=\"col-400256217\" class=\"col medium-6 small-12 large-6\"  >\n\t\t\t\t<div class=\"col-inner\"  >\n\t\t\t\n\t\t\t\n\n\t<div class=\"box has-hover   has-hover box-overlay dark box-text-bottom\" >\n\n\t\t<div class=\"box-image\" >\n\t\t\t\t\t\t<div class=\"image-cover\" style=\"padding-top:80%;\">\n\t\t\t\t<img width=\"600\" height=\"400\" src=\"https:\/\/motork.futuredealer.be\/wp-content\/uploads\/2021\/07\/carflow-cc-cta-buysale4.jpg\" class=\"attachment- size-\" alt=\"\" decoding=\"async\" loading=\"lazy\" srcset=\"https:\/\/motork.futuredealer.be\/wp-content\/uploads\/2021\/07\/carflow-cc-cta-buysale4.jpg 600w, https:\/\/motork.futuredealer.be\/wp-content\/uploads\/2021\/07\/carflow-cc-cta-buysale4-300x200.jpg 300w\" sizes=\"(max-width: 600px) 100vw, 600px\" \/>\t\t\t\t<div class=\"overlay\" style=\"background-color:1\"><\/div>\t\t\t\t\t\t\t<\/div>\n\t\t\t\t\t<\/div>\n\n\t\t<div class=\"box-text text-center\" style=\"background-color:rgba(0, 0, 0, 0.227);\">\n\t\t\t<div class=\"box-text-inner\">\n\t\t\t\t\n\n\t<div id=\"text-3481819991\" class=\"text\">\n\t\t\n\n<h4>Visitez notre \u00e9tablissement le plus proche<\/h4>\n\t\t\n<style>\n#text-3481819991 {\n  font-size: 1.35rem;\n  color: rgb(255,255,255);\n}\n#text-3481819991 > * {\n  color: rgb(255,255,255);\n}\n<\/style>\n\t<\/div>\n\t\n\t<div id=\"text-3665855746\" class=\"text\">\n\t\t\n\n<div class=\"cta-block-description\">\n<p>Obtenez une proposition de reprise claire et transparente.<\/p>\n<\/div>\n\t\t\n<style>\n#text-3665855746 {\n  color: rgb(255, 255, 255);\n}\n#text-3665855746 > * {\n  color: rgb(255, 255, 255);\n}\n<\/style>\n\t<\/div>\n\t\n<a href=\"\/fr\/contact\" target=\"_self\" class=\"button success\"  style=\"border-radius:99px;\">\n    <span>TROUVEZ L'\u00c9TABLISSEMENT LE PLUS PROCHE<\/span>\n  <\/a>\n\n\n\n\t\t\t<\/div>\n\t\t<\/div>\n\t<\/div>\n\t\n\n\t\t<\/div>\n\t\t\t\t\t<\/div>\n\n\t\n\n<\/div>\n\n\t\t<\/div>\n\n\t\t\n<style>\n#section_830038009 {\n  padding-top: 0px;\n  padding-bottom: 0px;\n}\n#section_830038009 .ux-shape-divider--top svg {\n  height: 150px;\n  --divider-top-width: 100%;\n}\n#section_830038009 .ux-shape-divider--bottom svg {\n  height: 150px;\n  --divider-width: 100%;\n}\n<\/style>\n\t<\/section>\n\t\n\n","protected":false},"excerpt":{"rendered":"","protected":false},"author":3,"featured_media":0,"parent":0,"menu_order":0,"comment_status":"closed","ping_status":"closed","template":"","meta":[],"acf":[],"yoast_head":"<!-- This site is optimized with the Yoast SEO plugin v20.12 - https:\/\/yoast.com\/wordpress\/plugins\/seo\/ -->\n<title>Vendre - MotorK Dealer<\/title>\n<meta name=\"robots\" content=\"noindex, follow, max-snippet:-1, max-image-preview:large, max-video-preview:-1\" \/>\n<meta property=\"og:locale\" content=\"fr_FR\" \/>\n<meta property=\"og:type\" content=\"article\" \/>\n<meta property=\"og:title\" content=\"Vendre - MotorK Dealer\" \/>\n<meta property=\"og:url\" content=\"https:\/\/motork.futuredealer.be\/fr\/vendre\/\" \/>\n<meta property=\"og:site_name\" content=\"MotorK Dealer\" \/>\n<meta property=\"article:modified_time\" content=\"2022-05-27T10:19:09+00:00\" \/>\n<meta name=\"twitter:card\" content=\"summary_large_image\" \/>\n<meta name=\"twitter:label1\" content=\"Dur\u00e9e de lecture est.\" \/>\n\t<meta name=\"twitter:data1\" content=\"1 minute\" \/>\n<script type=\"application\/ld+json\" class=\"yoast-schema-graph\">{\"@context\":\"https:\/\/schema.org\",\"@graph\":[{\"@type\":\"WebPage\",\"@id\":\"https:\/\/motork.futuredealer.be\/fr\/vendre\/\",\"url\":\"https:\/\/motork.futuredealer.be\/fr\/vendre\/\",\"name\":\"Vendre - MotorK Dealer\",\"isPartOf\":{\"@id\":\"https:\/\/motork.futuredealer.be\/fr\/#website\"},\"datePublished\":\"2022-05-25T10:56:36+00:00\",\"dateModified\":\"2022-05-27T10:19:09+00:00\",\"breadcrumb\":{\"@id\":\"https:\/\/motork.futuredealer.be\/fr\/vendre\/#breadcrumb\"},\"inLanguage\":\"fr-BE\",\"potentialAction\":[{\"@type\":\"ReadAction\",\"target\":[\"https:\/\/motork.futuredealer.be\/fr\/vendre\/\"]}]},{\"@type\":\"BreadcrumbList\",\"@id\":\"https:\/\/motork.futuredealer.be\/fr\/vendre\/#breadcrumb\",\"itemListElement\":[{\"@type\":\"ListItem\",\"position\":1,\"name\":\"Home\",\"item\":\"https:\/\/motork.futuredealer.be\/fr\/\"},{\"@type\":\"ListItem\",\"position\":2,\"name\":\"Vendre\"}]},{\"@type\":\"WebSite\",\"@id\":\"https:\/\/motork.futuredealer.be\/fr\/#website\",\"url\":\"https:\/\/motork.futuredealer.be\/fr\/\",\"name\":\"MotorK Dealer\",\"description\":\"\",\"potentialAction\":[{\"@type\":\"SearchAction\",\"target\":{\"@type\":\"EntryPoint\",\"urlTemplate\":\"https:\/\/motork.futuredealer.be\/fr\/?s={search_term_string}\"},\"query-input\":\"required name=search_term_string\"}],\"inLanguage\":\"fr-BE\"}]}<\/script>\n<!-- \/ Yoast SEO plugin. -->","yoast_head_json":{"title":"Vendre - MotorK Dealer","robots":{"index":"noindex","follow":"follow","max-snippet":"max-snippet:-1","max-image-preview":"max-image-preview:large","max-video-preview":"max-video-preview:-1"},"og_locale":"fr_FR","og_type":"article","og_title":"Vendre - MotorK Dealer","og_url":"https:\/\/motork.futuredealer.be\/fr\/vendre\/","og_site_name":"MotorK Dealer","article_modified_time":"2022-05-27T10:19:09+00:00","twitter_card":"summary_large_image","twitter_misc":{"Dur\u00e9e de lecture est.":"1 minute"},"schema":{"@context":"https:\/\/schema.org","@graph":[{"@type":"WebPage","@id":"https:\/\/motork.futuredealer.be\/fr\/vendre\/","url":"https:\/\/motork.futuredealer.be\/fr\/vendre\/","name":"Vendre - MotorK Dealer","isPartOf":{"@id":"https:\/\/motork.futuredealer.be\/fr\/#website"},"datePublished":"2022-05-25T10:56:36+00:00","dateModified":"2022-05-27T10:19:09+00:00","breadcrumb":{"@id":"https:\/\/motork.futuredealer.be\/fr\/vendre\/#breadcrumb"},"inLanguage":"fr-BE","potentialAction":[{"@type":"ReadAction","target":["https:\/\/motork.futuredealer.be\/fr\/vendre\/"]}]},{"@type":"BreadcrumbList","@id":"https:\/\/motork.futuredealer.be\/fr\/vendre\/#breadcrumb","itemListElement":[{"@type":"ListItem","position":1,"name":"Home","item":"https:\/\/motork.futuredealer.be\/fr\/"},{"@type":"ListItem","position":2,"name":"Vendre"}]},{"@type":"WebSite","@id":"https:\/\/motork.futuredealer.be\/fr\/#website","url":"https:\/\/motork.futuredealer.be\/fr\/","name":"MotorK Dealer","description":"","potentialAction":[{"@type":"SearchAction","target":{"@type":"EntryPoint","urlTemplate":"https:\/\/motork.futuredealer.be\/fr\/?s={search_term_string}"},"query-input":"required name=search_term_string"}],"inLanguage":"fr-BE"}]}},"_links":{"self":[{"href":"https:\/\/motork.futuredealer.be\/fr\/wp-json\/wp\/v2\/pages\/4421"}],"collection":[{"href":"https:\/\/motork.futuredealer.be\/fr\/wp-json\/wp\/v2\/pages"}],"about":[{"href":"https:\/\/motork.futuredealer.be\/fr\/wp-json\/wp\/v2\/types\/page"}],"author":[{"embeddable":true,"href":"https:\/\/motork.futuredealer.be\/fr\/wp-json\/wp\/v2\/users\/3"}],"replies":[{"embeddable":true,"href":"https:\/\/motork.futuredealer.be\/fr\/wp-json\/wp\/v2\/comments?post=4421"}],"version-history":[{"count":0,"href":"https:\/\/motork.futuredealer.be\/fr\/wp-json\/wp\/v2\/pages\/4421\/revisions"}],"wp:attachment":[{"href":"https:\/\/motork.futuredealer.be\/fr\/wp-json\/wp\/v2\/media?parent=4421"}],"curies":[{"name":"wp","href":"https:\/\/api.w.org\/{rel}","templated":true}]}}