{"id":4980,"date":"2022-05-27T09:56:45","date_gmt":"2022-05-27T07:56:45","guid":{"rendered":"https:\/\/motork.futuredealer.be\/nos-services\/steps\/"},"modified":"2022-05-27T09:56:46","modified_gmt":"2022-05-27T07:56:46","slug":"steps","status":"publish","type":"page","link":"https:\/\/motork.futuredealer.be\/fr\/nos-services\/steps\/","title":{"rendered":"Steps"},"content":{"rendered":"\n\t<div id=\"gap-1635706900\" class=\"gap-element clearfix\" style=\"display:block; height:auto;\">\n\t\t\n<style>\n#gap-1635706900 {\n  padding-top: 30px;\n}\n<\/style>\n\t<\/div>\n\t\n\n\t<div id=\"text-3923937945\" class=\"text\">\n\t\t\n\n<h2>Steps<\/h2>\n\t\t\n<style>\n#text-3923937945 {\n  text-align: center;\n}\n<\/style>\n\t<\/div>\n\t\n\t<div id=\"gap-1566399000\" class=\"gap-element clearfix\" style=\"display:block; height:auto;\">\n\t\t\n<style>\n#gap-1566399000 {\n  padding-top: 30px;\n}\n<\/style>\n\t<\/div>\n\t\n\n\t<section class=\"section\" id=\"section_964733306\">\n\t\t<div class=\"bg section-bg fill bg-fill  bg-loaded\" >\n\n\t\t\t\n\t\t\t\n\t\t\t\n\n\t\t<\/div>\n\n\t\t\n\n\t\t<div class=\"section-content relative\">\n\t\t\t\n\n<div class=\"row\"  id=\"row-1218533737\">\n\n\n\t<div id=\"col-855763395\" class=\"col medium-4 small-12 large-4\"  >\n\t\t\t\t<div class=\"col-inner\"  >\n\t\t\t\n\t\t\t\n\n\t<div class=\"img has-hover x md-x lg-x y md-y lg-y\" id=\"image_1593658353\">\n\t\t\t\t\t\t\t\t<div class=\"img-inner image-cover dark\" style=\"padding-top:75%;\">\n\t\t\t<img width=\"1020\" height=\"737\" src=\"https:\/\/motork.futuredealer.be\/wp-content\/uploads\/2021\/11\/step_1-1024x740.jpeg\" class=\"attachment-large size-large\" alt=\"\" decoding=\"async\" loading=\"lazy\" srcset=\"https:\/\/motork.futuredealer.be\/wp-content\/uploads\/2021\/11\/step_1-1024x740.jpeg 1024w, https:\/\/motork.futuredealer.be\/wp-content\/uploads\/2021\/11\/step_1-510x368.jpeg 510w, https:\/\/motork.futuredealer.be\/wp-content\/uploads\/2021\/11\/step_1-300x217.jpeg 300w, https:\/\/motork.futuredealer.be\/wp-content\/uploads\/2021\/11\/step_1-768x555.jpeg 768w, https:\/\/motork.futuredealer.be\/wp-content\/uploads\/2021\/11\/step_1.jpeg 1384w\" sizes=\"(max-width: 1020px) 100vw, 1020px\" \/>\t\t\t\t\t\t\n\t\t\t\t\t<\/div>\n\t\t\t\t\t\t\t\t\n<style>\n#image_1593658353 {\n  width: 100%;\n}\n<\/style>\n\t<\/div>\n\t\n\n\n\t\t<\/div>\n\t\t\t\t\t<\/div>\n\n\t\n\n\t<div id=\"col-1924481344\" class=\"col medium-4 small-12 large-4\"  >\n\t\t\t\t<div class=\"col-inner\"  >\n\t\t\t\n\t\t\t\n\n\t<div id=\"text-4014228330\" class=\"text\">\n\t\t\n\n<h2>Mod\u00e8le Marque<br>\n<\/h2>\n<p>Avec un poids de 7,3 kg et une batterie de grande capacit\u00e9, cette trottinette \u00e9lectrique peut parcourir jusqu&#8217;\u00e0 15 km en 4 vitesses diff\u00e9rentes. Pliable rapidement (jusqu&#8217;\u00e0 5 secondes), ce scooter est la solution de mobilit\u00e9 id\u00e9ale en ville.<\/p>\n\t\t\n<style>\n#text-4014228330 {\n  font-size: 0.9rem;\n  line-height: 1.35;\n}\n<\/style>\n\t<\/div>\n\t\n<div class=\"row\"  id=\"row-2108255303\">\n\n\n\t<div id=\"col-255462456\" class=\"col medium-6 small-6 large-6\"  >\n\t\t\t\t<div class=\"col-inner\"  >\n\t\t\t\n\t\t\t\n\n<h2>Prix<\/h2>\n\n\t\t<\/div>\n\t\t\t\t\t<\/div>\n\n\t\n\n\t<div id=\"col-1842592830\" class=\"col medium-6 small-6 large-6\"  >\n\t\t\t\t<div class=\"col-inner\"  >\n\t\t\t\n\t\t\t\n\n\t<div id=\"text-892311209\" class=\"text\">\n\t\t\n\n<h2 style=\"margin-bottom:0px;\">\u20ac1.190<\/h2>\n<p><small>par jour<\/small><\/p>\n\t\t\n<style>\n#text-892311209 {\n  text-align: right;\n}\n<\/style>\n\t<\/div>\n\t\n\n\t\t<\/div>\n\t\t\t\t\t<\/div>\n\n\t\n\n<\/div>\n\n\t\t<\/div>\n\t\t\t\t\t<\/div>\n\n\t\n\n\t<div id=\"col-1914780775\" class=\"col medium-4 small-12 large-4\"  >\n\t\t\t\t<div class=\"col-inner\"  >\n\t\t\t\n\t\t\t\n\n\t<div id=\"stack-1062022219\" class=\"stack stack-col justify-start items-stretch\">\n\t\t\n\n\n\t\t<div class=\"icon-box featured-box icon-box-left text-left is-small\"  >\n\t\t\t\t\t<div class=\"icon-box-img\" style=\"width: 46px\">\n\t\t\t\t<div class=\"icon\">\n\t\t\t\t\t<div class=\"icon-inner\" >\n\t\t\t\t\t\t<img width=\"50\" height=\"50\" src=\"https:\/\/motork.futuredealer.be\/wp-content\/uploads\/2022\/05\/range.jpg\" class=\"attachment-medium size-medium\" alt=\"\" decoding=\"async\" loading=\"lazy\" \/>\t\t\t\t\t<\/div>\n\t\t\t\t<\/div>\n\t\t\t<\/div>\n\t\t\t\t<div class=\"icon-box-text last-reset\">\n\t\t\t\t\t\t\t\t\t\n\n\t<div id=\"text-1796012973\" class=\"text\">\n\t\t\n\n<h3>Intervalle<\/h3>\n<p>15km &#8211; 20km<\/p>\n\t\t\n<style>\n#text-1796012973 {\n  line-height: 1.2;\n}\n<\/style>\n\t<\/div>\n\t\n\n\t\t<\/div>\n\t<\/div>\n\t\n\t\n<div class=\"is-divider divider clearfix\" style=\"margin-top:0.8em;margin-bottom:0.8em;max-width:100%;height:1px;\"><\/div>\n\n\t<div id=\"gap-1985806798\" class=\"gap-element clearfix\" style=\"display:block; height:auto;\">\n\t\t\n<style>\n#gap-1985806798 {\n  padding-top: 15px;\n}\n<\/style>\n\t<\/div>\n\t\n\n\n\t\t<div class=\"icon-box featured-box icon-box-left text-left is-small\"  >\n\t\t\t\t\t<div class=\"icon-box-img\" style=\"width: 46px\">\n\t\t\t\t<div class=\"icon\">\n\t\t\t\t\t<div class=\"icon-inner\" >\n\t\t\t\t\t\t<img width=\"50\" height=\"50\" src=\"https:\/\/motork.futuredealer.be\/wp-content\/uploads\/2022\/05\/snelheid.jpg\" class=\"attachment-medium size-medium\" alt=\"\" decoding=\"async\" loading=\"lazy\" \/>\t\t\t\t\t<\/div>\n\t\t\t\t<\/div>\n\t\t\t<\/div>\n\t\t\t\t<div class=\"icon-box-text last-reset\">\n\t\t\t\t\t\t\t\t\t\n\n\t<div id=\"text-3808282232\" class=\"text\">\n\t\t\n\n<h3>La rapidit\u00e9<\/h3>\n<p>30km\/h<\/p>\n\t\t\n<style>\n#text-3808282232 {\n  line-height: 1.2;\n}\n<\/style>\n\t<\/div>\n\t\n\n\t\t<\/div>\n\t<\/div>\n\t\n\t\n<div class=\"is-divider divider clearfix\" style=\"margin-top:0.8em;margin-bottom:0.8em;max-width:100%;height:1px;\"><\/div>\n\n\t<div id=\"gap-1207694596\" class=\"gap-element clearfix\" style=\"display:block; height:auto;\">\n\t\t\n<style>\n#gap-1207694596 {\n  padding-top: 15px;\n}\n<\/style>\n\t<\/div>\n\t\n\n\n\t\t<div class=\"icon-box featured-box icon-box-left text-left is-small\"  >\n\t\t\t\t\t<div class=\"icon-box-img\" style=\"width: 46px\">\n\t\t\t\t<div class=\"icon\">\n\t\t\t\t\t<div class=\"icon-inner\" >\n\t\t\t\t\t\t<img width=\"133\" height=\"133\" src=\"https:\/\/motork.futuredealer.be\/wp-content\/uploads\/2022\/05\/audi-trans.png\" class=\"attachment-medium size-medium\" alt=\"\" decoding=\"async\" loading=\"lazy\" \/>\t\t\t\t\t<\/div>\n\t\t\t\t<\/div>\n\t\t\t<\/div>\n\t\t\t\t<div class=\"icon-box-text last-reset\">\n\t\t\t\t\t\t\t\t\t\n\n\t<div id=\"text-3309097187\" class=\"text\">\n\t\t\n\n<h3>Marque<\/h3>\n<p>V\u00e9lo super cool<\/p>\n\t\t\n<style>\n#text-3309097187 {\n  line-height: 1.2;\n}\n<\/style>\n\t<\/div>\n\t\n\n\t\t<\/div>\n\t<\/div>\n\t\n\t\n\t<div id=\"gap-2090143714\" class=\"gap-element clearfix\" style=\"display:block; height:auto;\">\n\t\t\n<style>\n#gap-2090143714 {\n  padding-top: 20px;\n}\n<\/style>\n\t<\/div>\n\t\n\n<a href=\"https:\/\/motork.futuredealer.be\/fr\/formulaire-de-produit\/?brand=dodge&#038;model=challenger\" target=\"_self\" class=\"button success expand\"  >\n    <span>ACHETER MAINTENANT!<\/span>\n  <\/a>\n\n\n\n\t\t\n<style>\n#stack-1062022219 > * {\n  --stack-gap: 0rem;\n}\n<\/style>\n\t<\/div>\n\t\n\n\t\t<\/div>\n\t\t\t\t\t<\/div>\n\n\t\n\n<\/div>\n\n\t\t<\/div>\n\n\t\t\n<style>\n#section_964733306 {\n  padding-top: 30px;\n  padding-bottom: 30px;\n}\n#section_964733306 .ux-shape-divider--top svg {\n  height: 150px;\n  --divider-top-width: 100%;\n}\n#section_964733306 .ux-shape-divider--bottom svg {\n  height: 150px;\n  --divider-width: 100%;\n}\n<\/style>\n\t<\/section>\n\t\n","protected":false},"excerpt":{"rendered":"","protected":false},"author":10,"featured_media":0,"parent":4310,"menu_order":0,"comment_status":"closed","ping_status":"closed","template":"","meta":[],"acf":[],"yoast_head":"<!-- This site is optimized with the Yoast SEO plugin v20.12 - https:\/\/yoast.com\/wordpress\/plugins\/seo\/ -->\n<title>Steps - MotorK Dealer<\/title>\n<meta name=\"robots\" content=\"noindex, follow, max-snippet:-1, max-image-preview:large, max-video-preview:-1\" \/>\n<meta property=\"og:locale\" content=\"fr_FR\" \/>\n<meta property=\"og:type\" content=\"article\" \/>\n<meta property=\"og:title\" content=\"Steps - MotorK Dealer\" \/>\n<meta property=\"og:url\" content=\"https:\/\/motork.futuredealer.be\/fr\/nos-services\/steps\/\" \/>\n<meta property=\"og:site_name\" content=\"MotorK Dealer\" \/>\n<meta property=\"article:modified_time\" content=\"2022-05-27T07:56:46+00:00\" \/>\n<meta name=\"twitter:card\" content=\"summary_large_image\" \/>\n<meta name=\"twitter:label1\" content=\"Dur\u00e9e de lecture est.\" \/>\n\t<meta name=\"twitter:data1\" content=\"1 minute\" \/>\n<script type=\"application\/ld+json\" class=\"yoast-schema-graph\">{\"@context\":\"https:\/\/schema.org\",\"@graph\":[{\"@type\":\"WebPage\",\"@id\":\"https:\/\/motork.futuredealer.be\/fr\/nos-services\/steps\/\",\"url\":\"https:\/\/motork.futuredealer.be\/fr\/nos-services\/steps\/\",\"name\":\"Steps - MotorK Dealer\",\"isPartOf\":{\"@id\":\"https:\/\/motork.futuredealer.be\/fr\/#website\"},\"datePublished\":\"2022-05-27T07:56:45+00:00\",\"dateModified\":\"2022-05-27T07:56:46+00:00\",\"breadcrumb\":{\"@id\":\"https:\/\/motork.futuredealer.be\/fr\/nos-services\/steps\/#breadcrumb\"},\"inLanguage\":\"fr-BE\",\"potentialAction\":[{\"@type\":\"ReadAction\",\"target\":[\"https:\/\/motork.futuredealer.be\/fr\/nos-services\/steps\/\"]}]},{\"@type\":\"BreadcrumbList\",\"@id\":\"https:\/\/motork.futuredealer.be\/fr\/nos-services\/steps\/#breadcrumb\",\"itemListElement\":[{\"@type\":\"ListItem\",\"position\":1,\"name\":\"Home\",\"item\":\"https:\/\/motork.futuredealer.be\/fr\/\"},{\"@type\":\"ListItem\",\"position\":2,\"name\":\"Nos services\",\"item\":\"https:\/\/motork.futuredealer.be\/fr\/nos-services\/\"},{\"@type\":\"ListItem\",\"position\":3,\"name\":\"Steps\"}]},{\"@type\":\"WebSite\",\"@id\":\"https:\/\/motork.futuredealer.be\/fr\/#website\",\"url\":\"https:\/\/motork.futuredealer.be\/fr\/\",\"name\":\"MotorK Dealer\",\"description\":\"\",\"potentialAction\":[{\"@type\":\"SearchAction\",\"target\":{\"@type\":\"EntryPoint\",\"urlTemplate\":\"https:\/\/motork.futuredealer.be\/fr\/?s={search_term_string}\"},\"query-input\":\"required name=search_term_string\"}],\"inLanguage\":\"fr-BE\"}]}<\/script>\n<!-- \/ Yoast SEO plugin. -->","yoast_head_json":{"title":"Steps - MotorK Dealer","robots":{"index":"noindex","follow":"follow","max-snippet":"max-snippet:-1","max-image-preview":"max-image-preview:large","max-video-preview":"max-video-preview:-1"},"og_locale":"fr_FR","og_type":"article","og_title":"Steps - MotorK Dealer","og_url":"https:\/\/motork.futuredealer.be\/fr\/nos-services\/steps\/","og_site_name":"MotorK Dealer","article_modified_time":"2022-05-27T07:56:46+00:00","twitter_card":"summary_large_image","twitter_misc":{"Dur\u00e9e de lecture est.":"1 minute"},"schema":{"@context":"https:\/\/schema.org","@graph":[{"@type":"WebPage","@id":"https:\/\/motork.futuredealer.be\/fr\/nos-services\/steps\/","url":"https:\/\/motork.futuredealer.be\/fr\/nos-services\/steps\/","name":"Steps - MotorK Dealer","isPartOf":{"@id":"https:\/\/motork.futuredealer.be\/fr\/#website"},"datePublished":"2022-05-27T07:56:45+00:00","dateModified":"2022-05-27T07:56:46+00:00","breadcrumb":{"@id":"https:\/\/motork.futuredealer.be\/fr\/nos-services\/steps\/#breadcrumb"},"inLanguage":"fr-BE","potentialAction":[{"@type":"ReadAction","target":["https:\/\/motork.futuredealer.be\/fr\/nos-services\/steps\/"]}]},{"@type":"BreadcrumbList","@id":"https:\/\/motork.futuredealer.be\/fr\/nos-services\/steps\/#breadcrumb","itemListElement":[{"@type":"ListItem","position":1,"name":"Home","item":"https:\/\/motork.futuredealer.be\/fr\/"},{"@type":"ListItem","position":2,"name":"Nos services","item":"https:\/\/motork.futuredealer.be\/fr\/nos-services\/"},{"@type":"ListItem","position":3,"name":"Steps"}]},{"@type":"WebSite","@id":"https:\/\/motork.futuredealer.be\/fr\/#website","url":"https:\/\/motork.futuredealer.be\/fr\/","name":"MotorK Dealer","description":"","potentialAction":[{"@type":"SearchAction","target":{"@type":"EntryPoint","urlTemplate":"https:\/\/motork.futuredealer.be\/fr\/?s={search_term_string}"},"query-input":"required name=search_term_string"}],"inLanguage":"fr-BE"}]}},"_links":{"self":[{"href":"https:\/\/motork.futuredealer.be\/fr\/wp-json\/wp\/v2\/pages\/4980"}],"collection":[{"href":"https:\/\/motork.futuredealer.be\/fr\/wp-json\/wp\/v2\/pages"}],"about":[{"href":"https:\/\/motork.futuredealer.be\/fr\/wp-json\/wp\/v2\/types\/page"}],"author":[{"embeddable":true,"href":"https:\/\/motork.futuredealer.be\/fr\/wp-json\/wp\/v2\/users\/10"}],"replies":[{"embeddable":true,"href":"https:\/\/motork.futuredealer.be\/fr\/wp-json\/wp\/v2\/comments?post=4980"}],"version-history":[{"count":0,"href":"https:\/\/motork.futuredealer.be\/fr\/wp-json\/wp\/v2\/pages\/4980\/revisions"}],"up":[{"embeddable":true,"href":"https:\/\/motork.futuredealer.be\/fr\/wp-json\/wp\/v2\/pages\/4310"}],"wp:attachment":[{"href":"https:\/\/motork.futuredealer.be\/fr\/wp-json\/wp\/v2\/media?parent=4980"}],"curies":[{"name":"wp","href":"https:\/\/api.w.org\/{rel}","templated":true}]}}